{"id":15,"date":"2024-07-22T13:50:41","date_gmt":"2024-07-22T13:50:41","guid":{"rendered":"https:\/\/mariacoquette.cl\/?page_id=15"},"modified":"2024-07-22T13:54:34","modified_gmt":"2024-07-22T13:54:34","slug":"reembolso_devoluciones","status":"publish","type":"page","link":"https:\/\/mariacoquette.cl\/?page_id=15","title":{"rendered":"Pol\u00edtica de cambios y devoluciones"},"content":{"rendered":"\t\t<div data-elementor-type=\"wp-page\" data-elementor-id=\"15\" class=\"elementor elementor-15\">\n\t\t\t\t<div class=\"elementor-element elementor-element-57d3aac0 e-flex e-con-boxed e-con e-parent\" data-id=\"57d3aac0\" data-element_type=\"container\" data-e-type=\"container\">\n\t\t\t\t\t<div class=\"e-con-inner\">\n\t\t\t\t<div class=\"elementor-element elementor-element-200612a1 elementor-widget elementor-widget-text-editor\" data-id=\"200612a1\" data-element_type=\"widget\" data-e-type=\"widget\" data-widget_type=\"text-editor.default\">\n\t\t\t\t<div class=\"elementor-widget-container\">\n\t\t\t\t\t\t\t\t\t<p>Nuestra pol\u00edtica de cambios y devoluciones tiene una duraci\u00f3n de 7 d\u00edas. Si han pasado m\u00e1s de 7 d\u00edas desde tu compra, lamentablemente no podemos ofrecerte un reembolso completo ni un cambio.<\/p>\n<p><strong>Cambios de Joyer\u00eda<\/strong> Tienes un plazo de 7 d\u00edas h\u00e1biles para solicitar el cambio de una joya. Puedes cambiarla por otra de diferente talla o por otra joya de igual o mayor valor, abonando la diferencia en caso de ser necesario.<\/p>\n<p><strong>Gastos de Env\u00edo<\/strong> Todos los gastos de env\u00edo asociados al cambio de producto ser\u00e1n asumidos por el cliente.<\/p>\n<p><strong>Devoluciones<\/strong> Las devoluciones solo son posibles en caso de fallos de manufactura. No aceptamos productos da\u00f1ados por el uso del cliente. Los art\u00edculos deben ser devueltos sin uso y en su empaque original.<\/p>\n<p><strong>Importante<\/strong> Por razones de higiene, no se realizan cambios en aros.<\/p>\n<p><strong>Procedimiento para Cambios y Devoluciones<\/strong> Para solicitar un cambio o devoluci\u00f3n, env\u00eda un correo electr\u00f3nico a contacto@mariacoquette.cl indicando el n\u00famero de orden asociado a la compra. Nos pondremos en contacto contigo a la brevedad.<\/p>\t\t\t\t\t\t\t\t<\/div>\n\t\t\t\t<\/div>\n\t\t\t\t\t<\/div>\n\t\t\t\t<\/div>\n\t\t\t\t<\/div>\n\t\t","protected":false},"excerpt":{"rendered":"<p>Nuestra pol\u00edtica de cambios y devoluciones tiene una duraci\u00f3n de 7 d\u00edas. Si han pasado m\u00e1s de 7 d\u00edas desde [&hellip;]<\/p>\n","protected":false},"author":1,"featured_media":0,"parent":0,"menu_order":0,"comment_status":"closed","ping_status":"closed","template":"","meta":{"site-sidebar-layout":"default","site-content-layout":"","ast-site-content-layout":"","site-content-style":"default","site-sidebar-style":"default","ast-global-header-display":"","ast-banner-title-visibility":"","ast-main-header-display":"","ast-hfb-above-header-display":"","ast-hfb-below-header-display":"","ast-hfb-mobile-header-display":"","site-post-title":"","ast-breadcrumbs-content":"","ast-featured-img":"","footer-sml-layout":"","theme-transparent-header-meta":"","adv-header-id-meta":"","stick-header-meta":"","header-above-stick-meta":"","header-main-stick-meta":"","header-below-stick-meta":"","astra-migrate-meta-layouts":"default","ast-page-background-enabled":"default","ast-page-background-meta":{"desktop":{"background-color":"var(--ast-global-color-4)","background-image":"","background-repeat":"repeat","background-position":"center center","background-size":"auto","background-attachment":"scroll","background-type":"","background-media":"","overlay-type":"","overlay-color":"","overlay-opacity":"","overlay-gradient":""},"tablet":{"background-color":"","background-image":"","background-repeat":"repeat","background-position":"center center","background-size":"auto","background-attachment":"scroll","background-type":"","background-media":"","overlay-type":"","overlay-color":"","overlay-opacity":"","overlay-gradient":""},"mobile":{"background-color":"","background-image":"","background-repeat":"repeat","background-position":"center center","background-size":"auto","background-attachment":"scroll","background-type":"","background-media":"","overlay-type":"","overlay-color":"","overlay-opacity":"","overlay-gradient":""}},"ast-content-background-meta":{"desktop":{"background-color":"var(--ast-global-color-5)","background-image":"","background-repeat":"repeat","background-position":"center center","background-size":"auto","background-attachment":"scroll","background-type":"","background-media":"","overlay-type":"","overlay-color":"","overlay-opacity":"","overlay-gradient":""},"tablet":{"background-color":"var(--ast-global-color-5)","background-image":"","background-repeat":"repeat","background-position":"center center","background-size":"auto","background-attachment":"scroll","background-type":"","background-media":"","overlay-type":"","overlay-color":"","overlay-opacity":"","overlay-gradient":""},"mobile":{"background-color":"var(--ast-global-color-5)","background-image":"","background-repeat":"repeat","background-position":"center center","background-size":"auto","background-attachment":"scroll","background-type":"","background-media":"","overlay-type":"","overlay-color":"","overlay-opacity":"","overlay-gradient":""}},"footnotes":""},"class_list":["post-15","page","type-page","status-publish","hentry"],"_links":{"self":[{"href":"https:\/\/mariacoquette.cl\/index.php?rest_route=\/wp\/v2\/pages\/15","targetHints":{"allow":["GET"]}}],"collection":[{"href":"https:\/\/mariacoquette.cl\/index.php?rest_route=\/wp\/v2\/pages"}],"about":[{"href":"https:\/\/mariacoquette.cl\/index.php?rest_route=\/wp\/v2\/types\/page"}],"author":[{"embeddable":true,"href":"https:\/\/mariacoquette.cl\/index.php?rest_route=\/wp\/v2\/users\/1"}],"replies":[{"embeddable":true,"href":"https:\/\/mariacoquette.cl\/index.php?rest_route=%2Fwp%2Fv2%2Fcomments&post=15"}],"version-history":[{"count":7,"href":"https:\/\/mariacoquette.cl\/index.php?rest_route=\/wp\/v2\/pages\/15\/revisions"}],"predecessor-version":[{"id":538,"href":"https:\/\/mariacoquette.cl\/index.php?rest_route=\/wp\/v2\/pages\/15\/revisions\/538"}],"wp:attachment":[{"href":"https:\/\/mariacoquette.cl\/index.php?rest_route=%2Fwp%2Fv2%2Fmedia&parent=15"}],"curies":[{"name":"wp","href":"https:\/\/api.w.org\/{rel}","templated":true}]}}