{"id":621,"date":"2024-07-25T03:45:45","date_gmt":"2024-07-25T03:45:45","guid":{"rendered":"https:\/\/mariacoquette.cl\/?post_type=product&#038;p=621"},"modified":"2024-08-15T05:11:08","modified_gmt":"2024-08-15T05:11:08","slug":"tull-por-metro","status":"publish","type":"product","link":"https:\/\/mariacoquette.cl\/?product=tull-por-metro","title":{"rendered":"Tull"},"content":{"rendered":"<p style=\"font-weight: 400\">\u00a0Ideal para confecci\u00f3n de disfraces, manualidades, decoraci\u00f3n de fiestas. Es lavable.<\/p>\n<p style=\"font-weight: 400\"><b><strong>Composici\u00f3n:\u00a0<\/strong><\/b>100% Nylon.<\/p>\n<p style=\"font-weight: 400\"><b><strong>Ancho:<\/strong><\/b>\u00a01.50 mts \/ El precio es por metro lineal.<\/p>\n<p style=\"font-weight: 400\"><b><strong>Peso:<\/strong><\/b>\u00a019 grs \/ Metro lineal.<\/p>\n<p><!--more--><!--more--><\/p>\n","protected":false},"excerpt":{"rendered":"<p>\u00a0Ideal para confecci\u00f3n de disfraces, manualidades, decoraci\u00f3n de fiestas. Es lavable. Composici\u00f3n:\u00a0100% Nylon. Ancho:\u00a01.50 mts \/ El precio es por [&hellip;]<\/p>\n","protected":false},"featured_media":626,"comment_status":"closed","ping_status":"closed","template":"","meta":{"site-sidebar-layout":"default","site-content-layout":"","ast-site-content-layout":"default","site-content-style":"default","site-sidebar-style":"default","ast-global-header-display":"","ast-banner-title-visibility":"","ast-main-header-display":"","ast-hfb-above-header-display":"","ast-hfb-below-header-display":"","ast-hfb-mobile-header-display":"","site-post-title":"","ast-breadcrumbs-content":"","ast-featured-img":"","footer-sml-layout":"","theme-transparent-header-meta":"default","adv-header-id-meta":"","stick-header-meta":"","header-above-stick-meta":"","header-main-stick-meta":"","header-below-stick-meta":"","astra-migrate-meta-layouts":"set","ast-page-background-enabled":"default","ast-page-background-meta":{"desktop":{"background-color":"var(--ast-global-color-4)","background-image":"","background-repeat":"repeat","background-position":"center center","background-size":"auto","background-attachment":"scroll","background-type":"","background-media":"","overlay-type":"","overlay-color":"","overlay-opacity":"","overlay-gradient":""},"tablet":{"background-color":"","background-image":"","background-repeat":"repeat","background-position":"center center","background-size":"auto","background-attachment":"scroll","background-type":"","background-media":"","overlay-type":"","overlay-color":"","overlay-opacity":"","overlay-gradient":""},"mobile":{"background-color":"","background-image":"","background-repeat":"repeat","background-position":"center center","background-size":"auto","background-attachment":"scroll","background-type":"","background-media":"","overlay-type":"","overlay-color":"","overlay-opacity":"","overlay-gradient":""}},"ast-content-background-meta":{"desktop":{"background-color":"var(--ast-global-color-5)","background-image":"","background-repeat":"repeat","background-position":"center center","background-size":"auto","background-attachment":"scroll","background-type":"","background-media":"","overlay-type":"","overlay-color":"","overlay-opacity":"","overlay-gradient":""},"tablet":{"background-color":"var(--ast-global-color-5)","background-image":"","background-repeat":"repeat","background-position":"center center","background-size":"auto","background-attachment":"scroll","background-type":"","background-media":"","overlay-type":"","overlay-color":"","overlay-opacity":"","overlay-gradient":""},"mobile":{"background-color":"var(--ast-global-color-5)","background-image":"","background-repeat":"repeat","background-position":"center center","background-size":"auto","background-attachment":"scroll","background-type":"","background-media":"","overlay-type":"","overlay-color":"","overlay-opacity":"","overlay-gradient":""}}},"product_brand":[],"product_cat":[18],"product_tag":[],"class_list":{"0":"post-621","1":"product","2":"type-product","3":"status-publish","4":"has-post-thumbnail","6":"product_cat-telas","7":"desktop-align-left","8":"tablet-align-left","9":"mobile-align-left","11":"first","12":"instock","13":"taxable","14":"shipping-taxable","15":"purchasable","16":"product-type-simple"},"_links":{"self":[{"href":"https:\/\/mariacoquette.cl\/index.php?rest_route=\/wp\/v2\/product\/621","targetHints":{"allow":["GET"]}}],"collection":[{"href":"https:\/\/mariacoquette.cl\/index.php?rest_route=\/wp\/v2\/product"}],"about":[{"href":"https:\/\/mariacoquette.cl\/index.php?rest_route=\/wp\/v2\/types\/product"}],"replies":[{"embeddable":true,"href":"https:\/\/mariacoquette.cl\/index.php?rest_route=%2Fwp%2Fv2%2Fcomments&post=621"}],"wp:featuredmedia":[{"embeddable":true,"href":"https:\/\/mariacoquette.cl\/index.php?rest_route=\/wp\/v2\/media\/626"}],"wp:attachment":[{"href":"https:\/\/mariacoquette.cl\/index.php?rest_route=%2Fwp%2Fv2%2Fmedia&parent=621"}],"wp:term":[{"taxonomy":"product_brand","embeddable":true,"href":"https:\/\/mariacoquette.cl\/index.php?rest_route=%2Fwp%2Fv2%2Fproduct_brand&post=621"},{"taxonomy":"product_cat","embeddable":true,"href":"https:\/\/mariacoquette.cl\/index.php?rest_route=%2Fwp%2Fv2%2Fproduct_cat&post=621"},{"taxonomy":"product_tag","embeddable":true,"href":"https:\/\/mariacoquette.cl\/index.php?rest_route=%2Fwp%2Fv2%2Fproduct_tag&post=621"}],"curies":[{"name":"wp","href":"https:\/\/api.w.org\/{rel}","templated":true}]}}