{"id":688,"date":"2024-07-27T02:42:49","date_gmt":"2024-07-27T02:42:49","guid":{"rendered":"https:\/\/mariacoquette.cl\/?post_type=product&#038;p=688"},"modified":"2024-08-14T03:49:14","modified_gmt":"2024-08-14T03:49:14","slug":"arpillera","status":"publish","type":"product","link":"https:\/\/mariacoquette.cl\/?product=arpillera","title":{"rendered":"ARPILLERA"},"content":{"rendered":"<p><span lang=\"es\" xml:lang=\"es\"><span style=\"color: #666666;font-family: Calibri\"><span style=\"color: #000000;font-family: Calibri;font-size: medium\"><span style=\"font-family: Calibri\"><strong>Caracter\u00edsticas:<\/strong>\u00a0Se produce en india con 100% fibra natural (Jute). Ideal para confecci\u00f3n de adornos, sacos, decoraciones, geo-textiles, aislamiento t\u00e9rmico.<\/span><\/span><\/span><\/span><\/p>\n<p><span lang=\"es\" xml:lang=\"es\"><span style=\"color: #666666;font-family: Calibri\"><span style=\"color: #000000;font-family: Calibri;font-size: medium\"><span style=\"font-family: Calibri\"><strong>Composici\u00f3n:<\/strong>\u00a0Fibra vegetal 100% Jute.<\/span><\/span><\/span><\/span><\/p>\n<p><span lang=\"es\" xml:lang=\"es\"><span style=\"color: #666666;font-family: Calibri\"><span style=\"color: #000000;font-family: Calibri;font-size: medium\"><span style=\"font-family: Calibri\"><strong>Ancho:<\/strong>\u00a01.00 Mtr. Precio por metro.<\/span><\/span><\/span><\/span><\/p>\n<p><span lang=\"es\" xml:lang=\"es\"><span style=\"color: #666666;font-family: Calibri\"><span style=\"color: #000000;font-family: Calibri;font-size: medium\"><span style=\"font-family: Calibri\"><strong>Peso:<\/strong>\u00a0270 Gr. M2 \/ 9 onzas \/ y2<\/span><\/span><\/span><\/span><\/p>\n<p><span lang=\"es\" xml:lang=\"es\"><span style=\"color: #666666;font-family: Calibri\"><span style=\"color: #000000;font-family: Calibri;font-size: medium\"><span style=\"font-family: Calibri\"><strong>Lavado Sugerido:<\/strong>\u00a0Se puede lavar con jab\u00f3n neutro a nos mas de 50\u00b0c, sec\u00e1ndola al aire libre, sin que reciba mucha luz del sol, aunque se recomienda mejor el aspirado a potencia media o bien cepillar con un cepillo de cerdas blandas, el planchado debe ser con plancha a vapor. Por ser un producto natural y sin tratamientos qu\u00edmicos, los primeros d\u00edas se puede percibir un suave y agradable olor a hierba el cual se pierde paulatinamente.<\/span><\/span><\/span><\/span><\/p>\n","protected":false},"excerpt":{"rendered":"<p>Caracter\u00edsticas:\u00a0Se produce en india con 100% fibra natural (Jute). Ideal para confecci\u00f3n de adornos, sacos, decoraciones, geo-textiles, aislamiento t\u00e9rmico. Composici\u00f3n:\u00a0Fibra [&hellip;]<\/p>\n","protected":false},"featured_media":690,"comment_status":"closed","ping_status":"closed","template":"","meta":{"site-sidebar-layout":"default","site-content-layout":"","ast-site-content-layout":"default","site-content-style":"default","site-sidebar-style":"default","ast-global-header-display":"","ast-banner-title-visibility":"","ast-main-header-display":"","ast-hfb-above-header-display":"","ast-hfb-below-header-display":"","ast-hfb-mobile-header-display":"","site-post-title":"","ast-breadcrumbs-content":"","ast-featured-img":"","footer-sml-layout":"","theme-transparent-header-meta":"default","adv-header-id-meta":"","stick-header-meta":"","header-above-stick-meta":"","header-main-stick-meta":"","header-below-stick-meta":"","astra-migrate-meta-layouts":"set","ast-page-background-enabled":"default","ast-page-background-meta":{"desktop":{"background-color":"var(--ast-global-color-4)","background-image":"","background-repeat":"repeat","background-position":"center center","background-size":"auto","background-attachment":"scroll","background-type":"","background-media":"","overlay-type":"","overlay-color":"","overlay-opacity":"","overlay-gradient":""},"tablet":{"background-color":"","background-image":"","background-repeat":"repeat","background-position":"center center","background-size":"auto","background-attachment":"scroll","background-type":"","background-media":"","overlay-type":"","overlay-color":"","overlay-opacity":"","overlay-gradient":""},"mobile":{"background-color":"","background-image":"","background-repeat":"repeat","background-position":"center center","background-size":"auto","background-attachment":"scroll","background-type":"","background-media":"","overlay-type":"","overlay-color":"","overlay-opacity":"","overlay-gradient":""}},"ast-content-background-meta":{"desktop":{"background-color":"var(--ast-global-color-5)","background-image":"","background-repeat":"repeat","background-position":"center center","background-size":"auto","background-attachment":"scroll","background-type":"","background-media":"","overlay-type":"","overlay-color":"","overlay-opacity":"","overlay-gradient":""},"tablet":{"background-color":"var(--ast-global-color-5)","background-image":"","background-repeat":"repeat","background-position":"center center","background-size":"auto","background-attachment":"scroll","background-type":"","background-media":"","overlay-type":"","overlay-color":"","overlay-opacity":"","overlay-gradient":""},"mobile":{"background-color":"var(--ast-global-color-5)","background-image":"","background-repeat":"repeat","background-position":"center center","background-size":"auto","background-attachment":"scroll","background-type":"","background-media":"","overlay-type":"","overlay-color":"","overlay-opacity":"","overlay-gradient":""}}},"product_brand":[],"product_cat":[32,18],"product_tag":[],"class_list":{"0":"post-688","1":"product","2":"type-product","3":"status-publish","4":"has-post-thumbnail","6":"product_cat-manualidades","7":"product_cat-telas","8":"desktop-align-left","9":"tablet-align-left","10":"mobile-align-left","12":"first","13":"instock","14":"taxable","15":"shipping-taxable","16":"purchasable","17":"product-type-simple"},"_links":{"self":[{"href":"https:\/\/mariacoquette.cl\/index.php?rest_route=\/wp\/v2\/product\/688","targetHints":{"allow":["GET"]}}],"collection":[{"href":"https:\/\/mariacoquette.cl\/index.php?rest_route=\/wp\/v2\/product"}],"about":[{"href":"https:\/\/mariacoquette.cl\/index.php?rest_route=\/wp\/v2\/types\/product"}],"replies":[{"embeddable":true,"href":"https:\/\/mariacoquette.cl\/index.php?rest_route=%2Fwp%2Fv2%2Fcomments&post=688"}],"wp:featuredmedia":[{"embeddable":true,"href":"https:\/\/mariacoquette.cl\/index.php?rest_route=\/wp\/v2\/media\/690"}],"wp:attachment":[{"href":"https:\/\/mariacoquette.cl\/index.php?rest_route=%2Fwp%2Fv2%2Fmedia&parent=688"}],"wp:term":[{"taxonomy":"product_brand","embeddable":true,"href":"https:\/\/mariacoquette.cl\/index.php?rest_route=%2Fwp%2Fv2%2Fproduct_brand&post=688"},{"taxonomy":"product_cat","embeddable":true,"href":"https:\/\/mariacoquette.cl\/index.php?rest_route=%2Fwp%2Fv2%2Fproduct_cat&post=688"},{"taxonomy":"product_tag","embeddable":true,"href":"https:\/\/mariacoquette.cl\/index.php?rest_route=%2Fwp%2Fv2%2Fproduct_tag&post=688"}],"curies":[{"name":"wp","href":"https:\/\/api.w.org\/{rel}","templated":true}]}}