{"id":769,"date":"2024-07-27T04:17:00","date_gmt":"2024-07-27T04:17:00","guid":{"rendered":"https:\/\/mariacoquette.cl\/?post_type=product&#038;p=769"},"modified":"2024-08-14T03:50:23","modified_gmt":"2024-08-14T03:50:23","slug":"769","status":"publish","type":"product","link":"https:\/\/mariacoquette.cl\/?product=769","title":{"rendered":"GRANITE"},"content":{"rendered":"<p style=\"font-weight: 400\">Tela Granite de 2.00 metros de ancho color \u00ab<\/p>\n<p style=\"font-weight: 400\">Ideal para confecci\u00f3n de manteler\u00eda, 100% poli\u00e9ster. Color firme que no desti\u00f1e. No se deteriora con el lavado. Permite remover las manchas de forma f\u00e1cil. Cada pieza contiene 50 metros aproximadamente.<\/p>\n<p style=\"font-weight: 400\"><b><strong>Composici\u00f3n:<\/strong><\/b>\u00a0100% poli\u00e9ster<\/p>\n<p style=\"font-weight: 400\"><b><strong>Ancho:<\/strong><\/b>\u00a0200 cms \/ El precio es por metro lineal<\/p>\n<p><b><strong>Peso:<\/strong><\/b>\u00a0430 grs \/ Metro lineal<\/p>\n<p style=\"font-weight: 400\"><b><strong>Lavado sugerido:<\/strong><\/b>\u00a0Lavado suave a no m\u00e1s de 35\u00b0, centrifugado y secado medio, plancha suave.<\/p>\n","protected":false},"excerpt":{"rendered":"<p>Tela Granite de 2.00 metros de ancho color \u00ab Ideal para confecci\u00f3n de manteler\u00eda, 100% poli\u00e9ster. Color firme que no [&hellip;]<\/p>\n","protected":false},"featured_media":771,"comment_status":"closed","ping_status":"closed","template":"","meta":{"site-sidebar-layout":"default","site-content-layout":"","ast-site-content-layout":"default","site-content-style":"default","site-sidebar-style":"default","ast-global-header-display":"","ast-banner-title-visibility":"","ast-main-header-display":"","ast-hfb-above-header-display":"","ast-hfb-below-header-display":"","ast-hfb-mobile-header-display":"","site-post-title":"","ast-breadcrumbs-content":"","ast-featured-img":"","footer-sml-layout":"","theme-transparent-header-meta":"default","adv-header-id-meta":"","stick-header-meta":"","header-above-stick-meta":"","header-main-stick-meta":"","header-below-stick-meta":"","astra-migrate-meta-layouts":"set","ast-page-background-enabled":"default","ast-page-background-meta":{"desktop":{"background-color":"var(--ast-global-color-4)","background-image":"","background-repeat":"repeat","background-position":"center center","background-size":"auto","background-attachment":"scroll","background-type":"","background-media":"","overlay-type":"","overlay-color":"","overlay-opacity":"","overlay-gradient":""},"tablet":{"background-color":"","background-image":"","background-repeat":"repeat","background-position":"center center","background-size":"auto","background-attachment":"scroll","background-type":"","background-media":"","overlay-type":"","overlay-color":"","overlay-opacity":"","overlay-gradient":""},"mobile":{"background-color":"","background-image":"","background-repeat":"repeat","background-position":"center center","background-size":"auto","background-attachment":"scroll","background-type":"","background-media":"","overlay-type":"","overlay-color":"","overlay-opacity":"","overlay-gradient":""}},"ast-content-background-meta":{"desktop":{"background-color":"var(--ast-global-color-5)","background-image":"","background-repeat":"repeat","background-position":"center center","background-size":"auto","background-attachment":"scroll","background-type":"","background-media":"","overlay-type":"","overlay-color":"","overlay-opacity":"","overlay-gradient":""},"tablet":{"background-color":"var(--ast-global-color-5)","background-image":"","background-repeat":"repeat","background-position":"center center","background-size":"auto","background-attachment":"scroll","background-type":"","background-media":"","overlay-type":"","overlay-color":"","overlay-opacity":"","overlay-gradient":""},"mobile":{"background-color":"var(--ast-global-color-5)","background-image":"","background-repeat":"repeat","background-position":"center center","background-size":"auto","background-attachment":"scroll","background-type":"","background-media":"","overlay-type":"","overlay-color":"","overlay-opacity":"","overlay-gradient":""}}},"product_brand":[],"product_cat":[18],"product_tag":[],"class_list":{"0":"post-769","1":"product","2":"type-product","3":"status-publish","4":"has-post-thumbnail","6":"product_cat-telas","7":"desktop-align-left","8":"tablet-align-left","9":"mobile-align-left","11":"first","12":"instock","13":"taxable","14":"shipping-taxable","15":"product-type-simple"},"_links":{"self":[{"href":"https:\/\/mariacoquette.cl\/index.php?rest_route=\/wp\/v2\/product\/769","targetHints":{"allow":["GET"]}}],"collection":[{"href":"https:\/\/mariacoquette.cl\/index.php?rest_route=\/wp\/v2\/product"}],"about":[{"href":"https:\/\/mariacoquette.cl\/index.php?rest_route=\/wp\/v2\/types\/product"}],"replies":[{"embeddable":true,"href":"https:\/\/mariacoquette.cl\/index.php?rest_route=%2Fwp%2Fv2%2Fcomments&post=769"}],"wp:featuredmedia":[{"embeddable":true,"href":"https:\/\/mariacoquette.cl\/index.php?rest_route=\/wp\/v2\/media\/771"}],"wp:attachment":[{"href":"https:\/\/mariacoquette.cl\/index.php?rest_route=%2Fwp%2Fv2%2Fmedia&parent=769"}],"wp:term":[{"taxonomy":"product_brand","embeddable":true,"href":"https:\/\/mariacoquette.cl\/index.php?rest_route=%2Fwp%2Fv2%2Fproduct_brand&post=769"},{"taxonomy":"product_cat","embeddable":true,"href":"https:\/\/mariacoquette.cl\/index.php?rest_route=%2Fwp%2Fv2%2Fproduct_cat&post=769"},{"taxonomy":"product_tag","embeddable":true,"href":"https:\/\/mariacoquette.cl\/index.php?rest_route=%2Fwp%2Fv2%2Fproduct_tag&post=769"}],"curies":[{"name":"wp","href":"https:\/\/api.w.org\/{rel}","templated":true}]}}