{"id":935,"date":"2024-08-15T05:14:44","date_gmt":"2024-08-15T05:14:44","guid":{"rendered":"https:\/\/mariacoquette.cl\/?post_type=product&#038;p=935"},"modified":"2024-08-15T05:15:46","modified_gmt":"2024-08-15T05:15:46","slug":"tela-sabana-lisa","status":"publish","type":"product","link":"https:\/\/mariacoquette.cl\/?product=tela-sabana-lisa","title":{"rendered":"Tela Sabana Lisa"},"content":{"rendered":"<p>Tela para confeccionar s\u00e1banas \u00abLisa\u00bb color \u00abBlanco\u00bb 144 hilos de 2.60 metros de ancho.<\/p>\n<p>Tela de origen Paquistan\u00ed, que asegura un algod\u00f3n de alt\u00edsima calidad y durabilidad.<\/p>\n<p>Ideal para vestir tu cama, lucir agradable y sentirte c\u00f3modo. Calidad asegurada antipeeling (no hace bolitas).<\/p>\n<p>Cada pieza contiene 50 metros aproximadamente.<\/p>\n<p><strong>Composici\u00f3n:<\/strong>\u00a050% Poli\u00e9ster + 50% Algod\u00f3n<\/p>\n<p><strong>Ancho:<\/strong> 2.60 mts<\/p>\n<p><strong>Peso:<\/strong> 288 grs<\/p>\n","protected":false},"excerpt":{"rendered":"<p>Tela para confeccionar s\u00e1banas \u00abLisa\u00bb color \u00abBlanco\u00bb 144 hilos de 2.60 metros de ancho. Tela de origen Paquistan\u00ed, que asegura [&hellip;]<\/p>\n","protected":false},"featured_media":936,"comment_status":"closed","ping_status":"closed","template":"","meta":{"site-sidebar-layout":"default","site-content-layout":"","ast-site-content-layout":"default","site-content-style":"default","site-sidebar-style":"default","ast-global-header-display":"","ast-banner-title-visibility":"","ast-main-header-display":"","ast-hfb-above-header-display":"","ast-hfb-below-header-display":"","ast-hfb-mobile-header-display":"","site-post-title":"","ast-breadcrumbs-content":"","ast-featured-img":"","footer-sml-layout":"","theme-transparent-header-meta":"default","adv-header-id-meta":"","stick-header-meta":"","header-above-stick-meta":"","header-main-stick-meta":"","header-below-stick-meta":"","astra-migrate-meta-layouts":"set","ast-page-background-enabled":"default","ast-page-background-meta":{"desktop":{"background-color":"var(--ast-global-color-4)","background-image":"","background-repeat":"repeat","background-position":"center center","background-size":"auto","background-attachment":"scroll","background-type":"","background-media":"","overlay-type":"","overlay-color":"","overlay-opacity":"","overlay-gradient":""},"tablet":{"background-color":"","background-image":"","background-repeat":"repeat","background-position":"center center","background-size":"auto","background-attachment":"scroll","background-type":"","background-media":"","overlay-type":"","overlay-color":"","overlay-opacity":"","overlay-gradient":""},"mobile":{"background-color":"","background-image":"","background-repeat":"repeat","background-position":"center center","background-size":"auto","background-attachment":"scroll","background-type":"","background-media":"","overlay-type":"","overlay-color":"","overlay-opacity":"","overlay-gradient":""}},"ast-content-background-meta":{"desktop":{"background-color":"var(--ast-global-color-5)","background-image":"","background-repeat":"repeat","background-position":"center center","background-size":"auto","background-attachment":"scroll","background-type":"","background-media":"","overlay-type":"","overlay-color":"","overlay-opacity":"","overlay-gradient":""},"tablet":{"background-color":"var(--ast-global-color-5)","background-image":"","background-repeat":"repeat","background-position":"center center","background-size":"auto","background-attachment":"scroll","background-type":"","background-media":"","overlay-type":"","overlay-color":"","overlay-opacity":"","overlay-gradient":""},"mobile":{"background-color":"var(--ast-global-color-5)","background-image":"","background-repeat":"repeat","background-position":"center center","background-size":"auto","background-attachment":"scroll","background-type":"","background-media":"","overlay-type":"","overlay-color":"","overlay-opacity":"","overlay-gradient":""}}},"product_brand":[],"product_cat":[18],"product_tag":[],"class_list":{"0":"post-935","1":"product","2":"type-product","3":"status-publish","4":"has-post-thumbnail","6":"product_cat-telas","7":"desktop-align-left","8":"tablet-align-left","9":"mobile-align-left","11":"first","12":"instock","13":"taxable","14":"shipping-taxable","15":"product-type-simple"},"_links":{"self":[{"href":"https:\/\/mariacoquette.cl\/index.php?rest_route=\/wp\/v2\/product\/935","targetHints":{"allow":["GET"]}}],"collection":[{"href":"https:\/\/mariacoquette.cl\/index.php?rest_route=\/wp\/v2\/product"}],"about":[{"href":"https:\/\/mariacoquette.cl\/index.php?rest_route=\/wp\/v2\/types\/product"}],"replies":[{"embeddable":true,"href":"https:\/\/mariacoquette.cl\/index.php?rest_route=%2Fwp%2Fv2%2Fcomments&post=935"}],"wp:featuredmedia":[{"embeddable":true,"href":"https:\/\/mariacoquette.cl\/index.php?rest_route=\/wp\/v2\/media\/936"}],"wp:attachment":[{"href":"https:\/\/mariacoquette.cl\/index.php?rest_route=%2Fwp%2Fv2%2Fmedia&parent=935"}],"wp:term":[{"taxonomy":"product_brand","embeddable":true,"href":"https:\/\/mariacoquette.cl\/index.php?rest_route=%2Fwp%2Fv2%2Fproduct_brand&post=935"},{"taxonomy":"product_cat","embeddable":true,"href":"https:\/\/mariacoquette.cl\/index.php?rest_route=%2Fwp%2Fv2%2Fproduct_cat&post=935"},{"taxonomy":"product_tag","embeddable":true,"href":"https:\/\/mariacoquette.cl\/index.php?rest_route=%2Fwp%2Fv2%2Fproduct_tag&post=935"}],"curies":[{"name":"wp","href":"https:\/\/api.w.org\/{rel}","templated":true}]}}